{"id":81,"date":"2024-10-01T09:41:31","date_gmt":"2024-10-01T09:41:31","guid":{"rendered":"https:\/\/clubetirovilareal.pt\/?page_id=81"},"modified":"2024-10-03T00:06:29","modified_gmt":"2024-10-03T00:06:29","slug":"eventos-2","status":"publish","type":"page","link":"https:\/\/clubetirovilareal.pt\/index.php\/eventos-2\/","title":{"rendered":"EVENTOS"},"content":{"rendered":"\n<p>Brevemente o Clube de Tiro de Vila Real iniciar\u00e1 a realiza\u00e7\u00e3o de diversos eventos, nomeadamente Forma\u00e7\u00f5es, Provas e Conv\u00edvios. Esteja atendo ao nosso site e redes sociais.<\/p>\n\n\n\n<figure class=\"wp-block-gallery has-nested-images columns-default is-cropped wp-block-gallery-1 is-layout-flex wp-block-gallery-is-layout-flex\">\n<figure class=\"wp-block-image size-medium\"><img loading=\"lazy\" decoding=\"async\" width=\"300\" height=\"200\" data-id=\"161\" src=\"https:\/\/clubetirovilareal.pt\/wp-content\/uploads\/2024\/10\/competition-shooting-vs-self-defense-300x200.jpeg\" alt=\"\" class=\"wp-image-161\" srcset=\"https:\/\/clubetirovilareal.pt\/wp-content\/uploads\/2024\/10\/competition-shooting-vs-self-defense-300x200.jpeg 300w, https:\/\/clubetirovilareal.pt\/wp-content\/uploads\/2024\/10\/competition-shooting-vs-self-defense-1024x682.jpeg 1024w, https:\/\/clubetirovilareal.pt\/wp-content\/uploads\/2024\/10\/competition-shooting-vs-self-defense-768x511.jpeg 768w, https:\/\/clubetirovilareal.pt\/wp-content\/uploads\/2024\/10\/competition-shooting-vs-self-defense.jpeg 1200w\" sizes=\"auto, (max-width: 300px) 100vw, 300px\" \/><\/figure>\n\n\n\n<figure class=\"wp-block-image size-large\"><img loading=\"lazy\" decoding=\"async\" width=\"852\" height=\"1015\" data-id=\"162\" src=\"https:\/\/clubetirovilareal.pt\/wp-content\/uploads\/2024\/10\/shooter-at-bench.jpg\" alt=\"\" class=\"wp-image-162\" srcset=\"https:\/\/clubetirovilareal.pt\/wp-content\/uploads\/2024\/10\/shooter-at-bench.jpg 852w, https:\/\/clubetirovilareal.pt\/wp-content\/uploads\/2024\/10\/shooter-at-bench-252x300.jpg 252w, https:\/\/clubetirovilareal.pt\/wp-content\/uploads\/2024\/10\/shooter-at-bench-768x915.jpg 768w\" sizes=\"auto, (max-width: 852px) 100vw, 852px\" \/><\/figure>\n\n\n\n<figure class=\"wp-block-image size-large\"><img loading=\"lazy\" decoding=\"async\" width=\"799\" height=\"474\" data-id=\"163\" src=\"https:\/\/clubetirovilareal.pt\/wp-content\/uploads\/2024\/10\/smallbore-or-airgun-nra-880x522-1.jpg\" alt=\"\" class=\"wp-image-163\" srcset=\"https:\/\/clubetirovilareal.pt\/wp-content\/uploads\/2024\/10\/smallbore-or-airgun-nra-880x522-1.jpg 799w, https:\/\/clubetirovilareal.pt\/wp-content\/uploads\/2024\/10\/smallbore-or-airgun-nra-880x522-1-300x178.jpg 300w, https:\/\/clubetirovilareal.pt\/wp-content\/uploads\/2024\/10\/smallbore-or-airgun-nra-880x522-1-768x456.jpg 768w\" sizes=\"auto, (max-width: 799px) 100vw, 799px\" \/><\/figure>\n<\/figure>\n\n\n\n<p><\/p>\n","protected":false},"excerpt":{"rendered":"<p>Brevemente o Clube de Tiro de Vila Real iniciar\u00e1 a realiza\u00e7\u00e3o de diversos eventos, nomeadamente Forma\u00e7\u00f5es, Provas e Conv\u00edvios. Esteja atendo ao nosso site e redes sociais.<\/p>\n","protected":false},"author":1,"featured_media":0,"parent":0,"menu_order":0,"comment_status":"closed","ping_status":"closed","template":"","meta":{"footnotes":""},"class_list":["post-81","page","type-page","status-publish","hentry"],"_links":{"self":[{"href":"https:\/\/clubetirovilareal.pt\/index.php\/wp-json\/wp\/v2\/pages\/81","targetHints":{"allow":["GET"]}}],"collection":[{"href":"https:\/\/clubetirovilareal.pt\/index.php\/wp-json\/wp\/v2\/pages"}],"about":[{"href":"https:\/\/clubetirovilareal.pt\/index.php\/wp-json\/wp\/v2\/types\/page"}],"author":[{"embeddable":true,"href":"https:\/\/clubetirovilareal.pt\/index.php\/wp-json\/wp\/v2\/users\/1"}],"replies":[{"embeddable":true,"href":"https:\/\/clubetirovilareal.pt\/index.php\/wp-json\/wp\/v2\/comments?post=81"}],"version-history":[{"count":5,"href":"https:\/\/clubetirovilareal.pt\/index.php\/wp-json\/wp\/v2\/pages\/81\/revisions"}],"predecessor-version":[{"id":177,"href":"https:\/\/clubetirovilareal.pt\/index.php\/wp-json\/wp\/v2\/pages\/81\/revisions\/177"}],"wp:attachment":[{"href":"https:\/\/clubetirovilareal.pt\/index.php\/wp-json\/wp\/v2\/media?parent=81"}],"curies":[{"name":"wp","href":"https:\/\/api.w.org\/{rel}","templated":true}]}}