{"id":80,"date":"2024-10-01T09:41:31","date_gmt":"2024-10-01T09:41:31","guid":{"rendered":"https:\/\/clubetirovilareal.pt\/?page_id=80"},"modified":"2024-10-03T00:16:56","modified_gmt":"2024-10-03T00:16:56","slug":"tiro-desportivo-2","status":"publish","type":"page","link":"https:\/\/clubetirovilareal.pt\/","title":{"rendered":""},"content":{"rendered":"\n<p class=\"has-text-align-center has-medium-font-size\">Bem vindo ao site do CTVR &#8211; Clube de Tiro de Vila Real<\/p>\n\n\n\n<p class=\"has-text-align-center has-medium-font-size\">O nosso clube foi criado com fim de ensino, fomento da pr\u00e1tica de modalidades desportivas relacionadas com o tiro desportivo incluindo as modalidades ol\u00edmpicas, <\/p>\n\n\n\n<p class=\"has-text-align-center has-medium-font-size\">colmatando a aus\u00eancia de qualquer entidade equipar\u00e1vel na zona de Tr\u00e1s-os-Montes e Alto Douro<\/p>\n\n\n\n<p><\/p>\n\n\n<div class=\"wp-block-image\">\n<figure class=\"aligncenter size-full\"><img loading=\"lazy\" decoding=\"async\" width=\"960\" height=\"305\" src=\"https:\/\/clubetirovilareal.pt\/wp-content\/uploads\/2024\/10\/banner.jpg\" alt=\"\" class=\"wp-image-178\" srcset=\"https:\/\/clubetirovilareal.pt\/wp-content\/uploads\/2024\/10\/banner.jpg 960w, https:\/\/clubetirovilareal.pt\/wp-content\/uploads\/2024\/10\/banner-300x95.jpg 300w, https:\/\/clubetirovilareal.pt\/wp-content\/uploads\/2024\/10\/banner-768x244.jpg 768w\" sizes=\"auto, (max-width: 960px) 100vw, 960px\" \/><\/figure>\n<\/div>\n\n<div class=\"wp-block-image\">\n<figure class=\"aligncenter size-large\"><img loading=\"lazy\" decoding=\"async\" width=\"1024\" height=\"180\" src=\"https:\/\/clubetirovilareal.pt\/wp-content\/uploads\/2024\/10\/home-1-1024x180.png\" alt=\"\" class=\"wp-image-170\" srcset=\"https:\/\/clubetirovilareal.pt\/wp-content\/uploads\/2024\/10\/home-1-1024x180.png 1024w, https:\/\/clubetirovilareal.pt\/wp-content\/uploads\/2024\/10\/home-1-300x53.png 300w, https:\/\/clubetirovilareal.pt\/wp-content\/uploads\/2024\/10\/home-1-768x135.png 768w, https:\/\/clubetirovilareal.pt\/wp-content\/uploads\/2024\/10\/home-1.png 1080w\" sizes=\"auto, (max-width: 1024px) 100vw, 1024px\" \/><\/figure>\n<\/div>","protected":false},"excerpt":{"rendered":"<p>Bem vindo ao site do CTVR &#8211; Clube de Tiro de Vila Real O nosso clube foi criado com fim de ensino, fomento da pr\u00e1tica de modalidades desportivas relacionadas com o tiro desportivo incluindo as modalidades ol\u00edmpicas, colmatando a aus\u00eancia de qualquer entidade equipar\u00e1vel na zona de Tr\u00e1s-os-Montes e Alto Douro<\/p>\n","protected":false},"author":1,"featured_media":0,"parent":0,"menu_order":0,"comment_status":"closed","ping_status":"closed","template":"","meta":{"footnotes":""},"class_list":["post-80","page","type-page","status-publish","hentry"],"_links":{"self":[{"href":"https:\/\/clubetirovilareal.pt\/index.php\/wp-json\/wp\/v2\/pages\/80","targetHints":{"allow":["GET"]}}],"collection":[{"href":"https:\/\/clubetirovilareal.pt\/index.php\/wp-json\/wp\/v2\/pages"}],"about":[{"href":"https:\/\/clubetirovilareal.pt\/index.php\/wp-json\/wp\/v2\/types\/page"}],"author":[{"embeddable":true,"href":"https:\/\/clubetirovilareal.pt\/index.php\/wp-json\/wp\/v2\/users\/1"}],"replies":[{"embeddable":true,"href":"https:\/\/clubetirovilareal.pt\/index.php\/wp-json\/wp\/v2\/comments?post=80"}],"version-history":[{"count":15,"href":"https:\/\/clubetirovilareal.pt\/index.php\/wp-json\/wp\/v2\/pages\/80\/revisions"}],"predecessor-version":[{"id":190,"href":"https:\/\/clubetirovilareal.pt\/index.php\/wp-json\/wp\/v2\/pages\/80\/revisions\/190"}],"wp:attachment":[{"href":"https:\/\/clubetirovilareal.pt\/index.php\/wp-json\/wp\/v2\/media?parent=80"}],"curies":[{"name":"wp","href":"https:\/\/api.w.org\/{rel}","templated":true}]}}