{"id":28,"date":"2024-07-07T15:33:24","date_gmt":"2024-07-07T15:33:24","guid":{"rendered":"https:\/\/clubetirovilareal.pt\/?page_id=28"},"modified":"2024-10-03T01:29:36","modified_gmt":"2024-10-03T01:29:36","slug":"documentos-ctvr","status":"publish","type":"page","link":"https:\/\/clubetirovilareal.pt\/index.php\/documentos-ctvr\/","title":{"rendered":"DOCUMENTOS"},"content":{"rendered":"\n<p>Proposta de Admiss\u00e3o a S\u00f3cio do CTVR<\/p>\n\n\n\n<div data-wp-interactive=\"core\/file\" class=\"wp-block-file\"><object data-wp-bind--hidden=\"!state.hasPdfPreview\" hidden class=\"wp-block-file__embed\" data=\"https:\/\/clubetirovilareal.pt\/wp-content\/uploads\/2024\/10\/08.01.A.Proposta-Admissao-Socio.pdf\" type=\"application\/pdf\" style=\"width:100%;height:600px\" aria-label=\"Incorpora\u00e7\u00e3o de 08.01.A.Proposta Admiss\u00e3o Socio.\"><\/object><a id=\"wp-block-file--media-bf13ef34-1ab8-4dd8-ab78-467979e08ef2\" href=\"https:\/\/clubetirovilareal.pt\/wp-content\/uploads\/2024\/10\/08.01.A.Proposta-Admissao-Socio.pdf\">08.01.A.Proposta Admiss\u00e3o Socio<\/a><a href=\"https:\/\/clubetirovilareal.pt\/wp-content\/uploads\/2024\/10\/08.01.A.Proposta-Admissao-Socio.pdf\" class=\"wp-block-file__button wp-element-button\" download aria-describedby=\"wp-block-file--media-bf13ef34-1ab8-4dd8-ab78-467979e08ef2\">Descarregar<\/a><\/div>\n\n\n\n<p>Formul\u00e1rio Exame M\u00e9dico Desportivo (IPDJ):<\/p>\n\n\n\n<div data-wp-interactive=\"core\/file\" class=\"wp-block-file\"><object data-wp-bind--hidden=\"!state.hasPdfPreview\" hidden class=\"wp-block-file__embed\" data=\"https:\/\/clubetirovilareal.pt\/wp-content\/uploads\/2024\/07\/FormularioExameMedicoDdesportivo122022-1.pdf\" type=\"application\/pdf\" style=\"width:100%;height:600px\" aria-label=\"Incorpora\u00e7\u00e3o de FormularioExameMedicoDdesportivo122022-1.\"><\/object><a id=\"wp-block-file--media-cd469e76-568e-43f2-8227-14abf8a92ca5\" href=\"https:\/\/clubetirovilareal.pt\/wp-content\/uploads\/2024\/07\/FormularioExameMedicoDdesportivo122022-1.pdf\">FormularioExameMedicoDdesportivo122022-1<\/a><a href=\"https:\/\/clubetirovilareal.pt\/wp-content\/uploads\/2024\/07\/FormularioExameMedicoDdesportivo122022-1.pdf\" class=\"wp-block-file__button wp-element-button\" download aria-describedby=\"wp-block-file--media-cd469e76-568e-43f2-8227-14abf8a92ca5\">Descarregar<\/a><\/div>\n","protected":false},"excerpt":{"rendered":"<p>Proposta de Admiss\u00e3o a S\u00f3cio do CTVR Formul\u00e1rio Exame M\u00e9dico Desportivo (IPDJ):<\/p>\n","protected":false},"author":1,"featured_media":0,"parent":0,"menu_order":0,"comment_status":"closed","ping_status":"closed","template":"","meta":{"footnotes":""},"class_list":["post-28","page","type-page","status-publish","hentry"],"_links":{"self":[{"href":"https:\/\/clubetirovilareal.pt\/index.php\/wp-json\/wp\/v2\/pages\/28","targetHints":{"allow":["GET"]}}],"collection":[{"href":"https:\/\/clubetirovilareal.pt\/index.php\/wp-json\/wp\/v2\/pages"}],"about":[{"href":"https:\/\/clubetirovilareal.pt\/index.php\/wp-json\/wp\/v2\/types\/page"}],"author":[{"embeddable":true,"href":"https:\/\/clubetirovilareal.pt\/index.php\/wp-json\/wp\/v2\/users\/1"}],"replies":[{"embeddable":true,"href":"https:\/\/clubetirovilareal.pt\/index.php\/wp-json\/wp\/v2\/comments?post=28"}],"version-history":[{"count":4,"href":"https:\/\/clubetirovilareal.pt\/index.php\/wp-json\/wp\/v2\/pages\/28\/revisions"}],"predecessor-version":[{"id":213,"href":"https:\/\/clubetirovilareal.pt\/index.php\/wp-json\/wp\/v2\/pages\/28\/revisions\/213"}],"wp:attachment":[{"href":"https:\/\/clubetirovilareal.pt\/index.php\/wp-json\/wp\/v2\/media?parent=28"}],"curies":[{"name":"wp","href":"https:\/\/api.w.org\/{rel}","templated":true}]}}